{"id":3,"date":"2021-09-10T15:59:38","date_gmt":"2021-09-10T15:59:38","guid":{"rendered":"https:\/\/grand-float.md\/?page_id=3"},"modified":"2022-01-20T15:41:09","modified_gmt":"2022-01-20T15:41:09","slug":"politika-konfidenczialinosti","status":"publish","type":"page","link":"https:\/\/grand-float.md\/ro\/politika-konfidenczialinosti\/","title":{"rendered":"Politica de Confidentialitate"},"content":{"rendered":"<div class=\"container section-title-container\" ><h3 class=\"section-title section-title-center\"><b aria-hidden=\"true\"><\/b><span class=\"section-title-main\" >Politica de Confidentialitate<\/span><b aria-hidden=\"true\"><\/b><\/h3><\/div>\n\n\n\t<section class=\"section\" id=\"section_1570420222\">\n\t\t<div class=\"section-bg fill\" >\n\t\t\t\t\t\t\t\t\t\n\t\t\t\n\n\t\t<\/div>\n\n\t\t\n\n\t\t<div class=\"section-content relative\">\n\t\t\t\n\n<div class=\"row\"  id=\"row-553329422\">\n\n\n\t<div id=\"col-2038754894\" class=\"col small-12 large-12\"  >\n\t\t\t\t<div class=\"col-inner\"  >\n\t\t\t\n\t\t\t\n\n<div class=\"row row-collapse align-equal align-right\"  id=\"row-500338340\">\n\n\n\t<div id=\"col-1943888762\" class=\"col medium-2 small-12 large-2\"  >\n\t\t\t\t<div class=\"col-inner\"  >\n\t\t\t\n\t<div class=\"is-border is-dashed\"\n\t\tstyle=\"border-color:rgb(228, 228, 228);border-width:0px 2px 0px 0px;margin:60px 50% 0px 0px;\">\n\t<\/div>\n\t\t\t\n\n\n\t\t<div class=\"icon-box featured-box icon-box-center text-center\"  >\n\t\t\t\t\t<div class=\"icon-box-img has-icon-bg\" style=\"width: 60px\">\n\t\t\t\t<div class=\"icon\">\n\t\t\t\t\t<div class=\"icon-inner\" style=\"border-width:3px;color:rgb(42, 51, 226);\">\n\t\t\t\t\t\t<img loading=\"lazy\" decoding=\"async\" width=\"256\" height=\"256\" src=\"https:\/\/grand-float.md\/wp-content\/uploads\/2021\/10\/Privacy.png\" class=\"attachment-medium size-medium\" alt=\"\" srcset=\"https:\/\/grand-float.md\/wp-content\/uploads\/2021\/10\/Privacy.png 256w, https:\/\/grand-float.md\/wp-content\/uploads\/2021\/10\/Privacy-247x247.png 247w, https:\/\/grand-float.md\/wp-content\/uploads\/2021\/10\/Privacy-100x100.png 100w\" sizes=\"auto, (max-width: 256px) 100vw, 256px\" \/>\t\t\t\t\t<\/div>\n\t\t\t\t<\/div>\n\t\t\t<\/div>\n\t\t\t\t<div class=\"icon-box-text last-reset\">\n\t\t\t\t\t\t\t\t\t\n\n\t<div id=\"gap-937210471\" class=\"gap-element clearfix hidden\" style=\"display:block; height:auto;\">\n\t\t\n<style>\n#gap-937210471 {\n  padding-top: 30px;\n}\n<\/style>\n\t<\/div>\n\t\n\n\n\t\t<\/div>\n\t<\/div>\n\t\n\t\n\n\t\t<\/div>\n\t\t\t\t\t<\/div>\n\n\t\n\n\t<div id=\"col-911604238\" class=\"col medium-5 small-12 large-5\"  data-animate=\"bounceInUp\">\n\t\t\t\t<div class=\"col-inner box-shadow-2\"  >\n\t\t\t\n\t\t\t\n\n<div class=\"row row-collapse\"  id=\"row-1582847779\">\n\n\n\t<div id=\"col-1141276570\" class=\"col small-12 large-12\"  >\n\t\t\t\t<div class=\"col-inner dark\" style=\"background-color:rgb(42, 51, 226);\" >\n\t\t\t\n\t\t\t\n\n<h3>Grand-float.md<\/h3>\n\n\t\t<\/div>\n\t\t\t\t\t<\/div>\n\n\t\n\n\t<div id=\"col-1499865043\" class=\"col small-12 large-12\"  >\n\t\t\t\t<div class=\"col-inner\" style=\"background-color:rgb(255,255,255);\" >\n\t\t\t\n\t\t\t\n\n<p>Grand-float.md se angajeaz\u0103 s\u0103 v\u0103 protejeze confiden\u021bialitatea \u0219i se asigur\u0103 c\u0103 datele dumneavoastr\u0103 cu caracter personal sunt protejate. Activit\u0103\u021bile Grand-float.md pe Internet sunt \u00een concordan\u021b\u0103 cu toate activit\u0103\u021bile relevante, actele juridice ale Uniunii Europene \u0219i legile Republicii Moldova.<\/p>\n<p>Pe scurt despre politica de confiden\u021bialitate Grand-float.md<br \/>\u2022 Grand-float.md nu folose\u0219te informa\u021bii despre clien\u021bii s\u0103i \u00een scopuri ilegale;<br \/>\u2022 Grand-float.md nu furnizeaz\u0103 datele personale sau informa\u021bii personale despre clien\u021bii s\u0103i, altor persoane.<\/p>\n\n\t\t<\/div>\n\t\t\t\t\t<\/div>\n\n\t\n\n\n<style>\n#row-1582847779 > .col > .col-inner {\n  padding: 10px 20px 2px 20px;\n}\n<\/style>\n<\/div>\n\n\t\t<\/div>\n\t\t\t\t\n<style>\n#col-911604238 > .col-inner {\n  margin: 0px 0px 25px 0px;\n}\n<\/style>\n\t<\/div>\n\n\t\n\n<\/div>\n<div class=\"row row-collapse align-equal\"  id=\"row-645440079\">\n\n\n\t<div id=\"col-1880490082\" class=\"col medium-5 small-12 large-5\"  data-animate=\"bounceInUp\">\n\t\t\t\t<div class=\"col-inner box-shadow-2\"  >\n\t\t\t\n\t\t\t\n\n<div class=\"row row-collapse\"  id=\"row-153486888\">\n\n\n\t<div id=\"col-1408862863\" class=\"col small-12 large-12\"  >\n\t\t\t\t<div class=\"col-inner dark\" style=\"background-color:rgb(154, 208, 173);\" >\n\t\t\t\n\t\t\t\n\n<h3>Drepturi de autor<\/h3>\n\n\t\t<\/div>\n\t\t\t\t\t<\/div>\n\n\t\n\n\t<div id=\"col-2056783923\" class=\"col small-12 large-12\"  >\n\t\t\t\t<div class=\"col-inner\" style=\"background-color:rgb(255,255,255);\" >\n\t\t\t\n\t\t\t\n\n<p>Textele \u0219i alte con\u021binuturi ale site-ului Grand-float.md sunt protejate prin drepturi de autor. Aceasta \u00eenseamn\u0103 c\u0103 f\u0103r\u0103 acordul Grand-float.md nu este dreptul de a copia informa\u021biile con\u021binute pe site-ul Grand-float.md, cu excep\u021bia cazurilor \u00een care acestea sunt folosite \u00een scopuri personale.<\/p>\n\n\t\t<\/div>\n\t\t\t\t\t<\/div>\n\n\t\n\n\n<style>\n#row-153486888 > .col > .col-inner {\n  padding: 10px 20px 2px 20px;\n}\n<\/style>\n<\/div>\n\n\t\t<\/div>\n\t\t\t\t\n<style>\n#col-1880490082 > .col-inner {\n  margin: 0px 0px 25px 0px;\n}\n<\/style>\n\t<\/div>\n\n\t\n\n\t<div id=\"col-1450973495\" class=\"col medium-2 small-12 large-2 small-col-first\"  >\n\t\t\t\t<div class=\"col-inner\"  >\n\t\t\t\n\t<div class=\"is-border is-dashed\"\n\t\tstyle=\"border-color:rgb(228, 228, 228);border-width:0px 2px 0px 0px;margin:60px 50% 0px 0px;\">\n\t<\/div>\n\t\t\t\n\n\n\t\t<div class=\"icon-box featured-box icon-box-center text-center\"  >\n\t\t\t\t\t<div class=\"icon-box-img has-icon-bg\" style=\"width: 60px\">\n\t\t\t\t<div class=\"icon\">\n\t\t\t\t\t<div class=\"icon-inner\" style=\"border-width:3px;color:rgb(154, 208, 173);\">\n\t\t\t\t\t\t<img loading=\"lazy\" decoding=\"async\" width=\"256\" height=\"256\" src=\"https:\/\/grand-float.md\/wp-content\/uploads\/2021\/10\/Authorized-Access.png\" class=\"attachment-medium size-medium\" alt=\"\" srcset=\"https:\/\/grand-float.md\/wp-content\/uploads\/2021\/10\/Authorized-Access.png 256w, https:\/\/grand-float.md\/wp-content\/uploads\/2021\/10\/Authorized-Access-247x247.png 247w, https:\/\/grand-float.md\/wp-content\/uploads\/2021\/10\/Authorized-Access-100x100.png 100w\" sizes=\"auto, (max-width: 256px) 100vw, 256px\" \/>\t\t\t\t\t<\/div>\n\t\t\t\t<\/div>\n\t\t\t<\/div>\n\t\t\t\t<div class=\"icon-box-text last-reset\">\n\t\t\t\t\t\t\t\t\t\n\n\t<div id=\"gap-877753575\" class=\"gap-element clearfix hidden\" style=\"display:block; height:auto;\">\n\t\t\n<style>\n#gap-877753575 {\n  padding-top: 30px;\n}\n<\/style>\n\t<\/div>\n\t\n\n\n\t\t<\/div>\n\t<\/div>\n\t\n\t\n\n\t\t<\/div>\n\t\t\t\t\t<\/div>\n\n\t\n\n<\/div>\n<div class=\"row row-collapse align-equal align-right\"  id=\"row-941391924\">\n\n\n\t<div id=\"col-866600661\" class=\"col medium-2 small-12 large-2\"  >\n\t\t\t\t<div class=\"col-inner\"  >\n\t\t\t\n\t<div class=\"is-border is-dashed\"\n\t\tstyle=\"border-color:rgb(228, 228, 228);border-width:0px 2px 0px 0px;margin:60px 50% 0px 0px;\">\n\t<\/div>\n\t\t\t\n\n\n\t\t<div class=\"icon-box featured-box icon-box-center text-center\"  >\n\t\t\t\t\t<div class=\"icon-box-img has-icon-bg\" style=\"width: 60px\">\n\t\t\t\t<div class=\"icon\">\n\t\t\t\t\t<div class=\"icon-inner\" style=\"border-width:3px;color:rgb(251, 201, 51);\">\n\t\t\t\t\t\t<img loading=\"lazy\" decoding=\"async\" width=\"256\" height=\"256\" src=\"https:\/\/grand-float.md\/wp-content\/uploads\/2021\/10\/Data-Protection-Law.png\" class=\"attachment-medium size-medium\" alt=\"\" srcset=\"https:\/\/grand-float.md\/wp-content\/uploads\/2021\/10\/Data-Protection-Law.png 256w, https:\/\/grand-float.md\/wp-content\/uploads\/2021\/10\/Data-Protection-Law-247x247.png 247w, https:\/\/grand-float.md\/wp-content\/uploads\/2021\/10\/Data-Protection-Law-100x100.png 100w\" sizes=\"auto, (max-width: 256px) 100vw, 256px\" \/>\t\t\t\t\t<\/div>\n\t\t\t\t<\/div>\n\t\t\t<\/div>\n\t\t\t\t<div class=\"icon-box-text last-reset\">\n\t\t\t\t\t\t\t\t\t\n\n\t<div id=\"gap-155015427\" class=\"gap-element clearfix hidden\" style=\"display:block; height:auto;\">\n\t\t\n<style>\n#gap-155015427 {\n  padding-top: 30px;\n}\n<\/style>\n\t<\/div>\n\t\n\n\n\t\t<\/div>\n\t<\/div>\n\t\n\t\n\n\t\t<\/div>\n\t\t\t\t\t<\/div>\n\n\t\n\n\t<div id=\"col-2013325371\" class=\"col medium-5 small-12 large-5\"  data-animate=\"bounceInUp\">\n\t\t\t\t<div class=\"col-inner box-shadow-2\"  >\n\t\t\t\n\t\t\t\n\n<div class=\"row row-collapse\"  id=\"row-1501987489\">\n\n\n\t<div id=\"col-550917648\" class=\"col small-12 large-12\"  >\n\t\t\t\t<div class=\"col-inner dark\" style=\"background-color:rgb(251, 201, 51);\" >\n\t\t\t\n\t\t\t\n\n<h3>Colectarea \u0219i utilizarea informa\u021biilor personale<\/h3>\n\n\t\t<\/div>\n\t\t\t\t\t<\/div>\n\n\t\n\n\t<div id=\"col-1615761465\" class=\"col small-12 large-12\"  >\n\t\t\t\t<div class=\"col-inner\" style=\"background-color:rgb(255,255,255);\" >\n\t\t\t\n\t\t\t\n\n<p>Cu condi\u021bia ca clientul s\u0103 ne furnizeze datele sale de contact (nume, num\u0103r de telefon, adres\u0103 de e-mail, adres\u0103 po\u0219tal\u0103 etc.), acest lucru permite Grand-float.md s\u0103 satisfac\u0103 dorin\u021bele clientului \u0219i, \u00een caz de probleme, s\u0103 le rezolve \u00een comun.<br \/>Toate datele clien\u021bilor (datele personale \u0219i datele de plat\u0103) nu sunt dezv\u0103luite ter\u021bilor. Grand-float.md respect\u0103 intimitatea \u0219i confiden\u021bialitatea clien\u021bilor s\u0103i. Toate datele clien\u021bilor sunt protejate prin actele legale din Republica Moldova care reglementeaz\u0103 protec\u021bia datelor \u00een conformitate cu cerin\u021bele Legii nr. 133\/2011 privind protec\u021bia datelor cu caracter personal, administra\u021bia site-ului se oblig\u0103 s\u0103 asigure securitatea datelor cu caracter personal, \u0219i s\u0103 le utilizeze numai \u00een scopul scopuri specificate\u2026<\/p>\n\n\t\t<\/div>\n\t\t\t\t\t<\/div>\n\n\t\n\n\n<style>\n#row-1501987489 > .col > .col-inner {\n  padding: 10px 20px 2px 20px;\n}\n<\/style>\n<\/div>\n\n\t\t<\/div>\n\t\t\t\t\n<style>\n#col-2013325371 > .col-inner {\n  margin: 0px 0px 25px 0px;\n}\n<\/style>\n\t<\/div>\n\n\t\n\n<\/div>\n<div class=\"row row-collapse align-equal\"  id=\"row-624835577\">\n\n\n\t<div id=\"col-720031231\" class=\"col medium-5 small-12 large-5\"  data-animate=\"bounceInUp\">\n\t\t\t\t<div class=\"col-inner box-shadow-2\"  >\n\t\t\t\n\t\t\t\n\n<div class=\"row row-collapse\"  id=\"row-1846066762\">\n\n\n\t<div id=\"col-494251053\" class=\"col small-12 large-12\"  >\n\t\t\t\t<div class=\"col-inner dark\" style=\"background-color:rgb(249, 113, 104);\" >\n\t\t\t\n\t\t\t\n\n<h3>Notific\u0103ri Grand-float.md<\/h3>\n\n\t\t<\/div>\n\t\t\t\t\t<\/div>\n\n\t\n\n\t<div id=\"col-1037523035\" class=\"col small-12 large-12\"  >\n\t\t\t\t<div class=\"col-inner\" style=\"background-color:rgb(255,255,255);\" >\n\t\t\t\n\t\t\t\n\n<p>Newsletter-ul Grand-float.md prin e-mail este primit doar de clien\u021bii care l-au comandat. Dac\u0103 clientul nu este interesat s\u0103 primeasc\u0103 newsletter-ul de la Grand-float.md, acesta se poate dezabona oric\u00e2nd de la acesta. Grand-float.md trimite doar informa\u021bii importante de care clientul ar trebui s\u0103 le cunoasc\u0103. Adresele de e-mail \u0219i numerele de telefon ale clien\u021bilor nu sunt dezv\u0103luite ter\u021bilor.<\/p>\n\n\t\t<\/div>\n\t\t\t\t\t<\/div>\n\n\t\n\n\n<style>\n#row-1846066762 > .col > .col-inner {\n  padding: 10px 20px 2px 20px;\n}\n<\/style>\n<\/div>\n\n\t\t<\/div>\n\t\t\t\t\n<style>\n#col-720031231 > .col-inner {\n  margin: 0px 0px 25px 0px;\n}\n<\/style>\n\t<\/div>\n\n\t\n\n\t<div id=\"col-157642557\" class=\"col medium-2 small-12 large-2 small-col-first\"  >\n\t\t\t\t<div class=\"col-inner\"  >\n\t\t\t\n\t<div class=\"is-border is-dashed\"\n\t\tstyle=\"border-color:rgb(228, 228, 228);border-width:0px 2px 0px 0px;margin:60px 50% 0px 0px;\">\n\t<\/div>\n\t\t\t\n\n\n\t\t<div class=\"icon-box featured-box icon-box-center text-center\"  >\n\t\t\t\t\t<div class=\"icon-box-img has-icon-bg\" style=\"width: 60px\">\n\t\t\t\t<div class=\"icon\">\n\t\t\t\t\t<div class=\"icon-inner\" style=\"border-width:3px;color:rgb(249, 113, 104);\">\n\t\t\t\t\t\t<img loading=\"lazy\" decoding=\"async\" width=\"256\" height=\"256\" src=\"https:\/\/grand-float.md\/wp-content\/uploads\/2021\/10\/Email-Protection.png\" class=\"attachment-medium size-medium\" alt=\"\" srcset=\"https:\/\/grand-float.md\/wp-content\/uploads\/2021\/10\/Email-Protection.png 256w, https:\/\/grand-float.md\/wp-content\/uploads\/2021\/10\/Email-Protection-247x247.png 247w, https:\/\/grand-float.md\/wp-content\/uploads\/2021\/10\/Email-Protection-100x100.png 100w\" sizes=\"auto, (max-width: 256px) 100vw, 256px\" \/>\t\t\t\t\t<\/div>\n\t\t\t\t<\/div>\n\t\t\t<\/div>\n\t\t\t\t<div class=\"icon-box-text last-reset\">\n\t\t\t\t\t\t\t\t\t\n\n\t<div id=\"gap-755615320\" class=\"gap-element clearfix hidden\" style=\"display:block; height:auto;\">\n\t\t\n<style>\n#gap-755615320 {\n  padding-top: 30px;\n}\n<\/style>\n\t<\/div>\n\t\n\n\n\t\t<\/div>\n\t<\/div>\n\t\n\t\n\n\t\t<\/div>\n\t\t\t\t\t<\/div>\n\n\t\n\n<\/div>\n<div class=\"row row-collapse align-equal align-right\"  id=\"row-820663570\">\n\n\n\t<div id=\"col-736980198\" class=\"col medium-2 small-12 large-2\"  >\n\t\t\t\t<div class=\"col-inner\"  >\n\t\t\t\n\t<div class=\"is-border is-dashed\"\n\t\tstyle=\"border-color:rgb(228, 228, 228);border-width:0px 2px 0px 0px;margin:60px 50% 0px 0px;\">\n\t<\/div>\n\t\t\t\n\n\n\t\t<div class=\"icon-box featured-box icon-box-center text-center\"  >\n\t\t\t\t\t<div class=\"icon-box-img has-icon-bg\" style=\"width: 60px\">\n\t\t\t\t<div class=\"icon\">\n\t\t\t\t\t<div class=\"icon-inner\" style=\"border-width:3px;color:rgb(51, 166, 251);\">\n\t\t\t\t\t\t<img loading=\"lazy\" decoding=\"async\" width=\"256\" height=\"256\" src=\"https:\/\/grand-float.md\/wp-content\/uploads\/2021\/10\/Data-Processing.png\" class=\"attachment-medium size-medium\" alt=\"\" srcset=\"https:\/\/grand-float.md\/wp-content\/uploads\/2021\/10\/Data-Processing.png 256w, https:\/\/grand-float.md\/wp-content\/uploads\/2021\/10\/Data-Processing-247x247.png 247w, https:\/\/grand-float.md\/wp-content\/uploads\/2021\/10\/Data-Processing-100x100.png 100w\" sizes=\"auto, (max-width: 256px) 100vw, 256px\" \/>\t\t\t\t\t<\/div>\n\t\t\t\t<\/div>\n\t\t\t<\/div>\n\t\t\t\t<div class=\"icon-box-text last-reset\">\n\t\t\t\t\t\t\t\t\t\n\n\t<div id=\"gap-380668588\" class=\"gap-element clearfix hidden\" style=\"display:block; height:auto;\">\n\t\t\n<style>\n#gap-380668588 {\n  padding-top: 30px;\n}\n<\/style>\n\t<\/div>\n\t\n\n\n\t\t<\/div>\n\t<\/div>\n\t\n\t\n\n\t\t<\/div>\n\t\t\t\t\t<\/div>\n\n\t\n\n\t<div id=\"col-56977308\" class=\"col medium-5 small-12 large-5\"  data-animate=\"bounceInUp\">\n\t\t\t\t<div class=\"col-inner box-shadow-2\"  >\n\t\t\t\n\t\t\t\n\n<div class=\"row row-collapse\"  id=\"row-1734750006\">\n\n\n\t<div id=\"col-208047643\" class=\"col small-12 large-12\"  >\n\t\t\t\t<div class=\"col-inner dark\" style=\"background-color:rgb(51, 166, 251);\" >\n\t\t\t\n\t\t\t\n\n<h3>Colectarea \u0219i utilizarea datelor non-personale<\/h3>\n\n\t\t<\/div>\n\t\t\t\t\t<\/div>\n\n\t\n\n\t<div id=\"col-1336944414\" class=\"col small-12 large-12\"  >\n\t\t\t\t<div class=\"col-inner\" style=\"background-color:rgb(255,255,255);\" >\n\t\t\t\n\t\t\t\n\n<p>\u00cen scopuri statistice, Grand-float.md colecteaz\u0103 informa\u021bii despre vizitatorii site-ului (timpul vizitei, durata vizitei, num\u0103rul de vizitatori ai site-ului etc.). Aceste informa\u021bii nu sunt asociate cu o anumit\u0103 persoan\u0103, ci sunt informa\u021bii statistice pe care Grand-float.md le poate analiza \u0219i astfel \u00eembun\u0103t\u0103\u021bi func\u021bionalitatea site-ului. Aceste date sunt folosite \u00een scopuri de marketing \u0219i pentru serviciul clien\u021bi. Informa\u021biile vizitatorilor nu sunt dezv\u0103luite ter\u021bilor.<\/p>\n\n\t\t<\/div>\n\t\t\t\t\t<\/div>\n\n\t\n\n\n<style>\n#row-1734750006 > .col > .col-inner {\n  padding: 10px 20px 2px 20px;\n}\n<\/style>\n<\/div>\n\n\t\t<\/div>\n\t\t\t\t\n<style>\n#col-56977308 > .col-inner {\n  margin: 0px 0px 25px 0px;\n}\n<\/style>\n\t<\/div>\n\n\t\n\n<\/div>\n<div class=\"row row-collapse align-equal\"  id=\"row-2053485004\">\n\n\n\t<div id=\"col-1341729117\" class=\"col medium-5 small-12 large-5\"  data-animate=\"bounceInUp\">\n\t\t\t\t<div class=\"col-inner box-shadow-2\"  >\n\t\t\t\n\t\t\t\n\n<div class=\"row row-collapse\"  id=\"row-1554353246\">\n\n\n\t<div id=\"col-1239353009\" class=\"col small-12 large-12\"  >\n\t\t\t\t<div class=\"col-inner dark\" style=\"background-color:rgb(139, 104, 249);\" >\n\t\t\t\n\t\t\t\n\n<h3>Comentarii<\/h3>\n\n\t\t<\/div>\n\t\t\t\t\t<\/div>\n\n\t\n\n\t<div id=\"col-1793270071\" class=\"col small-12 large-12\"  >\n\t\t\t\t<div class=\"col-inner\" style=\"background-color:rgb(255,255,255);\" >\n\t\t\t\n\t\t\t\n\n<p>Grand-float.md are informa\u021biile relevante pe care ni le-au oferit vizitatorii. Poate fi citit pe site-ul Grand-float.md \u00een sec\u021biunea de comentarii. Dezv\u0103luirea datelor clien\u021bilor c\u0103tre ter\u021bi Grand-float.md se angajeaz\u0103 s\u0103 v\u0103 protejeze confiden\u021bialitatea \u0219i s\u0103 dezv\u0103luie datele personale ale clien\u021bilor s\u0103i c\u0103tre ter\u021bi numai dac\u0103 furnizarea de informa\u021bii este necesar\u0103 \u0219i este de acord cu legile Republicii Moldova.<\/p>\n\n\t\t<\/div>\n\t\t\t\t\t<\/div>\n\n\t\n\n\n<style>\n#row-1554353246 > .col > .col-inner {\n  padding: 10px 20px 2px 20px;\n}\n<\/style>\n<\/div>\n\n\t\t<\/div>\n\t\t\t\t\n<style>\n#col-1341729117 > .col-inner {\n  margin: 0px 0px 25px 0px;\n}\n<\/style>\n\t<\/div>\n\n\t\n\n\t<div id=\"col-558850626\" class=\"col medium-2 small-12 large-2 small-col-first\"  >\n\t\t\t\t<div class=\"col-inner\"  >\n\t\t\t\n\t<div class=\"is-border is-dashed\"\n\t\tstyle=\"border-color:rgb(228, 228, 228);border-width:0px 2px 0px 0px;margin:60px 50% 0px 0px;\">\n\t<\/div>\n\t\t\t\n\n\n\t\t<div class=\"icon-box featured-box icon-box-center text-center\"  >\n\t\t\t\t\t<div class=\"icon-box-img has-icon-bg\" style=\"width: 60px\">\n\t\t\t\t<div class=\"icon\">\n\t\t\t\t\t<div class=\"icon-inner\" style=\"border-width:3px;color:rgb(139, 104, 249);\">\n\t\t\t\t\t\t<img loading=\"lazy\" decoding=\"async\" width=\"256\" height=\"256\" src=\"https:\/\/grand-float.md\/wp-content\/uploads\/2021\/10\/Secure-Data-Folder.png\" class=\"attachment-medium size-medium\" alt=\"\" srcset=\"https:\/\/grand-float.md\/wp-content\/uploads\/2021\/10\/Secure-Data-Folder.png 256w, https:\/\/grand-float.md\/wp-content\/uploads\/2021\/10\/Secure-Data-Folder-247x247.png 247w, https:\/\/grand-float.md\/wp-content\/uploads\/2021\/10\/Secure-Data-Folder-100x100.png 100w\" sizes=\"auto, (max-width: 256px) 100vw, 256px\" \/>\t\t\t\t\t<\/div>\n\t\t\t\t<\/div>\n\t\t\t<\/div>\n\t\t\t\t<div class=\"icon-box-text last-reset\">\n\t\t\t\t\t\t\t\t\t\n\n\t<div id=\"gap-91808833\" class=\"gap-element clearfix hidden\" style=\"display:block; height:auto;\">\n\t\t\n<style>\n#gap-91808833 {\n  padding-top: 30px;\n}\n<\/style>\n\t<\/div>\n\t\n\n\n\t\t<\/div>\n\t<\/div>\n\t\n\t\n\n\t\t<\/div>\n\t\t\t\t\t<\/div>\n\n\t\n\n<\/div>\n<div class=\"row row-collapse align-equal align-right\"  id=\"row-1351867486\">\n\n\n\t<div id=\"col-1665822961\" class=\"col medium-2 small-12 large-2\"  >\n\t\t\t\t<div class=\"col-inner\"  >\n\t\t\t\n\t<div class=\"is-border is-dashed\"\n\t\tstyle=\"border-color:rgb(228, 228, 228);border-width:0px 2px 0px 0px;margin:60px 50% 0px 0px;\">\n\t<\/div>\n\t\t\t\n\n\n\t\t<div class=\"icon-box featured-box icon-box-center text-center\"  >\n\t\t\t\t\t<div class=\"icon-box-img has-icon-bg\" style=\"width: 60px\">\n\t\t\t\t<div class=\"icon\">\n\t\t\t\t\t<div class=\"icon-inner\" style=\"border-width:3px;color:rgb(164, 51, 251);\">\n\t\t\t\t\t\t<img loading=\"lazy\" decoding=\"async\" width=\"256\" height=\"256\" src=\"https:\/\/grand-float.md\/wp-content\/uploads\/2021\/10\/Private-Network.png\" class=\"attachment-medium size-medium\" alt=\"\" srcset=\"https:\/\/grand-float.md\/wp-content\/uploads\/2021\/10\/Private-Network.png 256w, https:\/\/grand-float.md\/wp-content\/uploads\/2021\/10\/Private-Network-247x247.png 247w, https:\/\/grand-float.md\/wp-content\/uploads\/2021\/10\/Private-Network-100x100.png 100w\" sizes=\"auto, (max-width: 256px) 100vw, 256px\" \/>\t\t\t\t\t<\/div>\n\t\t\t\t<\/div>\n\t\t\t<\/div>\n\t\t\t\t<div class=\"icon-box-text last-reset\">\n\t\t\t\t\t\t\t\t\t\n\n\t<div id=\"gap-685945995\" class=\"gap-element clearfix hidden\" style=\"display:block; height:auto;\">\n\t\t\n<style>\n#gap-685945995 {\n  padding-top: 30px;\n}\n<\/style>\n\t<\/div>\n\t\n\n\n\t\t<\/div>\n\t<\/div>\n\t\n\t\n\n\t\t<\/div>\n\t\t\t\t\t<\/div>\n\n\t\n\n\t<div id=\"col-1707928996\" class=\"col medium-5 small-12 large-5\"  data-animate=\"bounceInUp\">\n\t\t\t\t<div class=\"col-inner box-shadow-2\"  >\n\t\t\t\n\t\t\t\n\n<div class=\"row row-collapse\"  id=\"row-377672111\">\n\n\n\t<div id=\"col-1235223172\" class=\"col small-12 large-12\"  >\n\t\t\t\t<div class=\"col-inner dark\" style=\"background-color:rgb(164, 51, 251);\" >\n\t\t\t\n\t\t\t\n\n<h3>Link-uri c\u0103tre alte site-uri<\/h3>\n\n\t\t<\/div>\n\t\t\t\t\t<\/div>\n\n\t\n\n\t<div id=\"col-310855253\" class=\"col small-12 large-12\"  >\n\t\t\t\t<div class=\"col-inner\" style=\"background-color:rgb(255,255,255);\" >\n\t\t\t\n\t\t\t\n\n<p>Site-ul Grand-float.md con\u021bine \u0219i link-uri c\u0103tre site-uri ale altor persoane, \u00eentreprinderi \u0219i organiza\u021bii, dar Grand-float.md nu este responsabil pentru con\u021binutul acestor site-uri, precum \u0219i pentru practicile lor de confiden\u021bialitate \u0219i securitate. Adoptarea politicii de confiden\u021bialitate Grand-float.md de c\u0103tre clien\u021bi. C\u00e2nd folose\u0219te serviciile Grand-float.md, clientul confirm\u0103 c\u0103 s-a familiarizat cu politica de confiden\u021bialitate a Grand-float.md \u0219i este acceptabil\u0103 pentru el.<\/p>\n\n\t\t<\/div>\n\t\t\t\t\t<\/div>\n\n\t\n\n\n<style>\n#row-377672111 > .col > .col-inner {\n  padding: 10px 20px 2px 20px;\n}\n<\/style>\n<\/div>\n\n\t\t<\/div>\n\t\t\t\t\n<style>\n#col-1707928996 > .col-inner {\n  margin: 0px 0px 25px 0px;\n}\n<\/style>\n\t<\/div>\n\n\t\n\n<\/div>\n<p>Dac\u0103 ave\u021bi comentarii \u0219i sugestii cu privire la politica de confiden\u021bialitate a Grand-float.md, v\u0103 rug\u0103m s\u0103 ne informa\u021bi despre acestea prin e-mail <a href=\"mailto:floatstudiomoldova@gmail.com\">floatstudiomoldova@gmail.com<\/a><\/p>\n\n\t\t<\/div>\n\t\t\t\t\t<\/div>\n\n\t\n\n<\/div>\n\n\t\t<\/div>\n\n\t\t\n<style>\n#section_1570420222 {\n  padding-top: 30px;\n  padding-bottom: 30px;\n}\n<\/style>\n\t<\/section>","protected":false},"excerpt":{"rendered":"","protected":false},"author":2,"featured_media":0,"parent":0,"menu_order":0,"comment_status":"closed","ping_status":"open","template":"","meta":{"_acf_changed":false,"footnotes":""},"class_list":["post-3","page","type-page","status-publish","hentry"],"acf":[],"_links":{"self":[{"href":"https:\/\/grand-float.md\/ro\/wp-json\/wp\/v2\/pages\/3","targetHints":{"allow":["GET"]}}],"collection":[{"href":"https:\/\/grand-float.md\/ro\/wp-json\/wp\/v2\/pages"}],"about":[{"href":"https:\/\/grand-float.md\/ro\/wp-json\/wp\/v2\/types\/page"}],"author":[{"embeddable":true,"href":"https:\/\/grand-float.md\/ro\/wp-json\/wp\/v2\/users\/2"}],"replies":[{"embeddable":true,"href":"https:\/\/grand-float.md\/ro\/wp-json\/wp\/v2\/comments?post=3"}],"version-history":[{"count":0,"href":"https:\/\/grand-float.md\/ro\/wp-json\/wp\/v2\/pages\/3\/revisions"}],"wp:attachment":[{"href":"https:\/\/grand-float.md\/ro\/wp-json\/wp\/v2\/media?parent=3"}],"curies":[{"name":"wp","href":"https:\/\/api.w.org\/{rel}","templated":true}]}}