{"id":2308,"date":"2023-07-05T12:25:24","date_gmt":"2023-07-05T10:25:24","guid":{"rendered":"https:\/\/grand-float.md\/?post_type=product&#038;p=2308"},"modified":"2026-04-08T13:57:28","modified_gmt":"2026-04-08T10:57:28","slug":"antitsellyulitnaya-programma","status":"publish","type":"product","link":"https:\/\/grand-float.md\/ro\/produs\/antitsellyulitnaya-programma\/","title":{"rendered":"Program anticelulitic"},"content":{"rendered":"<p class=\"p1\">Bun venit la complexul nostru unic, \"Programul anticelulitic\" - solu\u021bia perfect\u0103 pentru cei care doresc s\u0103 ob\u021bin\u0103 o piele neted\u0103 \u0219i ferm\u0103.<\/p>\n<p class=\"p1\">V\u0103 oferim o abordare holistic\u0103 \u00een combaterea celulitei, \u00eencep\u00e2nd cu masajul anticelulitic al picioarelor. Acest masaj meticulos conceput are ca scop \u00eembun\u0103t\u0103\u021birea circula\u021biei sanguine, stimularea drenajului limfatic \u0219i accelerarea metabolismului, ceea ce contribuie la distrugerea depozitelor de gr\u0103sime \u0219i \u00eent\u0103rirea pielii.<\/p>\n<p class=\"p1\">Masajul zonei g\u00e2tului \u0219i a gulerului are ca scop relaxarea \u0219i \u00eembun\u0103t\u0103\u021birea st\u0103rii generale a \u021besuturilor. Acesta nu numai c\u0103 contribuie la reducerea celulitei, ci \u0219i la relaxarea mu\u0219chilor, \u00eembun\u0103t\u0103\u021birea flexibilit\u0103\u021bii \u0219i a posturii generale.<\/p>\n<p class=\"p1\">Experien\u021ba de floating reprezint\u0103 o imersiune unic\u0103 \u00eentr-o stare profund\u0103 de relaxare \u0219i odihn\u0103, care stimuleaz\u0103 procesul natural de regenerare al organismului. Floatingul ajut\u0103 la relaxarea mu\u0219chilor, reducerea stresului \u0219i eliminarea toxinelor, precum \u0219i la \u00eembun\u0103t\u0103\u021birea elasticit\u0103\u021bii pielii \u0219i sporirea eficien\u021bei celorlalte proceduri din cadrul programului anticelulitic.<\/p>\n<p class=\"p1\">\u00cenvelirea cu alge marine este un alt element cheie al programului nostru. Combina\u021bia de ingrediente active puternice \u0219i masaj profesional permite accelerarea procesului de distrugere a depozitelor de gr\u0103sime, stimul\u00e2nd metabolismul \u00een organism. Algele marine sunt cunoscute pentru propriet\u0103\u021bile sale detoxifiante, hidratante \u0219i tonifiante, conferind pielii fermitate \u0219i elasticitate.<\/p>\n<p class=\"p1\">Completa\u021bi experien\u021ba dvs. de lux cu un masaj facial special conceput pentru stimularea produc\u021biei de colagen \u0219i elastin\u0103. Acest proces activeaz\u0103 regenerarea celular\u0103, cre\u0219te tonusul pielii \u0219i reduce aspectul ridurilor, l\u0103s\u00e2ndu-v\u0103 cu un chip t\u00e2n\u0103r \u0219i str\u0103lucitor.<\/p>\n<p class=\"p1\">\"Programul anticelulitic\" nu este doar o serie de proceduri, ci o abordare profund\u0103 \u0219i cuprinz\u0103toare pentru transformarea corpului \u0219i a pielii dvs. Exper\u021bii no\u0219tri bine preg\u0103ti\u021bi vor face tot posibilul pentru a atinge obiectivele dvs. individuale \u0219i v\u0103 vor ajuta s\u0103 v\u0103 rec\u00e2\u0219tiga\u021bi \u00eencrederea \u0219i s\u0103 v\u0103 sim\u021bi\u021bi minunat. Permite\u021bi-v\u0103 s\u0103 v\u0103 bucura\u021bi de acest program special \u0219i s\u0103 deschide\u021bi un nou capitol \u00een via\u021ba dvs., plin de s\u0103n\u0103tate \u0219i frumuse\u021be.<\/p>","protected":false},"excerpt":{"rendered":"<ul>\n<li class=\"p1 bullet-checkmark\">Masaj anticelulitic la picioare<\/li>\n<li class=\"p1 bullet-checkmark\">Masajul cervical<\/li>\n<li class=\"p1 bullet-checkmark\">Floating<\/li>\n<li class=\"p1 bullet-checkmark\">\u00cempachetarea cu alge marine<\/li>\n<li class=\"p1 bullet-checkmark\">Masaj facial<\/li>\n<\/ul>","protected":false},"featured_media":2310,"template":"","meta":{"_acf_changed":false},"product_brand":[],"product_cat":[283],"product_tag":[],"class_list":{"0":"post-2308","1":"product","2":"type-product","3":"status-publish","4":"has-post-thumbnail","6":"product_cat-vostanovitelinie-kompleksy","8":"first","9":"instock","10":"sale","11":"virtual","12":"taxable","13":"purchasable","14":"product-type-simple"},"acf":[],"_links":{"self":[{"href":"https:\/\/grand-float.md\/ro\/wp-json\/wp\/v2\/product\/2308","targetHints":{"allow":["GET"]}}],"collection":[{"href":"https:\/\/grand-float.md\/ro\/wp-json\/wp\/v2\/product"}],"about":[{"href":"https:\/\/grand-float.md\/ro\/wp-json\/wp\/v2\/types\/product"}],"wp:featuredmedia":[{"embeddable":true,"href":"https:\/\/grand-float.md\/ro\/wp-json\/wp\/v2\/media\/2310"}],"wp:attachment":[{"href":"https:\/\/grand-float.md\/ro\/wp-json\/wp\/v2\/media?parent=2308"}],"wp:term":[{"taxonomy":"product_brand","embeddable":true,"href":"https:\/\/grand-float.md\/ro\/wp-json\/wp\/v2\/product_brand?post=2308"},{"taxonomy":"product_cat","embeddable":true,"href":"https:\/\/grand-float.md\/ro\/wp-json\/wp\/v2\/product_cat?post=2308"},{"taxonomy":"product_tag","embeddable":true,"href":"https:\/\/grand-float.md\/ro\/wp-json\/wp\/v2\/product_tag?post=2308"}],"curies":[{"name":"wp","href":"https:\/\/api.w.org\/{rel}","templated":true}]}}