{"id":2321,"date":"2023-07-05T12:47:14","date_gmt":"2023-07-05T10:47:14","guid":{"rendered":"https:\/\/grand-float.md\/?post_type=product&#038;p=2321"},"modified":"2026-04-08T13:57:28","modified_gmt":"2026-04-08T10:57:28","slug":"morskoy-zagar","status":"publish","type":"product","link":"https:\/\/grand-float.md\/ro\/produs\/morskoy-zagar\/","title":{"rendered":"Bronzul de mare"},"content":{"rendered":"<p class=\"p1\">Bine a\u021bi venit la SPA programa \"Bronzul de mare\" - locul perfect pentru relaxare \u0219i restabilire complet\u0103 a energiei dumneavoastr\u0103! Complexul nostru v\u0103 ofer\u0103 o experien\u021b\u0103 unic\u0103, combin\u00e2nd \u00eengrijirea luxoas\u0103 a corpului \u0219i proceduri minunate care v\u0103 vor \u00eenv\u0103lui \u00eentr-un ocean de pl\u0103cere.<\/p>\n<p class=\"p1\">Prima etap\u0103 a ritualului nostru marin const\u0103 \u00een scrub-ul complet al corpului. Scruburile noastre de \u00eenalt\u0103 calitate, \u00eendep\u0103rteaz\u0103 delicat \u0219i eficient celulele moarte ale pielii, revel\u00e2nd o suprafa\u021b\u0103 nou\u0103, proasp\u0103t\u0103 \u0219i str\u0103lucitoare. Ve\u021bi sim\u021bi cum pielea dumneavoastr\u0103 revine la via\u021b\u0103 \u0219i devine incredibil de neted\u0103 \u0219i catifelat\u0103.<\/p>\n<p class=\"p1\">Apoi, v\u0103 invit\u0103m s\u0103 v\u0103 bucura\u021bi de masajul de drenaj limfatic - o tehnic\u0103 care activeaz\u0103 sistemul limfatic al organismului dumneavoastr\u0103. Mi\u0219c\u0103rile delicate \u0219i ritmice ale maseurilor no\u0219tri experimenta\u021bi vor ajuta la \u00eembun\u0103t\u0103\u021birea circula\u021biei, reducerea edemului \u0219i eliminarea toxinelor. Ve\u021bi sim\u021bi o senza\u021bie de u\u0219urin\u021b\u0103 \u0219i revigorare remarcabil\u0103, iar corpul dumneavoastr\u0103 va g\u0103si armonie \u0219i echilibru.<\/p>\n<p class=\"p1\">Urm\u0103torul pas este floating-ul. \u00cen capsula noastr\u0103 unic\u0103 de plutire, ve\u021bi fi \u00eenv\u0103lui\u021bi de ap\u0103 cald\u0103, bogat\u0103 cu s\u0103ruri de magneziu \u0219i sulf, cre\u00e2nd iluzia unei st\u0103ri f\u0103r\u0103 gravita\u021bie. Aceasta va permite corpului dumneavoastr\u0103 s\u0103 se relaxeze complet \u0219i s\u0103 se descarce de tensiune, iar mintea dumneavoastr\u0103 s\u0103 se scufunde \u00eentr-o lume de armonie \u0219i lini\u0219te. Floating-ul va fi o surs\u0103 de inspira\u021bie \u0219i re\u00eennoire a energiei dumneavoastr\u0103.<\/p>\n<p class=\"p1\">Procedura noastr\u0103 final\u0103 este masajul aromaterapeutic - v\u0103 va fascina cu propriet\u0103\u021bile sale magice. Combin\u00e2nd uleiuri esen\u021biale naturale \u0219i mi\u0219c\u0103ri de masaj experte ale maseurilor no\u0219tri, corpul \u0219i sufletul dumneavoastr\u0103 vor atinge o stare de armonie \u0219i extaz. V\u0103 ve\u021bi scufunda \u00eentr-o lume de arome rafinate \u0219i v\u0103 ve\u021bi permite s\u0103 v\u0103 desf\u0103\u0219ura\u021bi \u00eentr-un flux de emo\u021bii pozitive \u0219i lini\u0219te.<\/p>\n<p class=\"p1\">V\u0103 invit\u0103m la \"Bronzul de mare\" s\u0103 descoperi\u021bi un nou nivel de \u00eengrijire de sine. V\u0103 garant\u0103m senza\u021bii de neuitat \u0219i rezultate extraordinare, care vor dep\u0103\u0219i toate a\u0219tept\u0103rile dumneavoastr\u0103. \u00cemb\u0103ia\u021bi-v\u0103 \u00eentr-o lume de adev\u0103rat\u0103 pl\u0103cere \u0219i restabili\u021bi-v\u0103 corpul \u0219i sufletul \u00een oceanul nostru al relax\u0103rii.<\/p>","protected":false},"excerpt":{"rendered":"<ul>\n<li class=\"p1 bullet-checkmark\">Scrub corporal<\/li>\n<li class=\"p1 bullet-checkmark\">Masaj cu drenaj limfatic<\/li>\n<li class=\"p1 bullet-checkmark\">Floating<\/li>\n<li class=\"p1 bullet-checkmark\">Masaj cu aroma uleiuri esen\u021biale<\/li>\n<\/ul>","protected":false},"featured_media":2322,"template":"","meta":{"_acf_changed":false},"product_brand":[],"product_cat":[283],"product_tag":[],"class_list":{"0":"post-2321","1":"product","2":"type-product","3":"status-publish","4":"has-post-thumbnail","6":"product_cat-vostanovitelinie-kompleksy","8":"first","9":"instock","10":"sale","11":"virtual","12":"taxable","13":"purchasable","14":"product-type-simple"},"acf":[],"_links":{"self":[{"href":"https:\/\/grand-float.md\/ro\/wp-json\/wp\/v2\/product\/2321","targetHints":{"allow":["GET"]}}],"collection":[{"href":"https:\/\/grand-float.md\/ro\/wp-json\/wp\/v2\/product"}],"about":[{"href":"https:\/\/grand-float.md\/ro\/wp-json\/wp\/v2\/types\/product"}],"wp:featuredmedia":[{"embeddable":true,"href":"https:\/\/grand-float.md\/ro\/wp-json\/wp\/v2\/media\/2322"}],"wp:attachment":[{"href":"https:\/\/grand-float.md\/ro\/wp-json\/wp\/v2\/media?parent=2321"}],"wp:term":[{"taxonomy":"product_brand","embeddable":true,"href":"https:\/\/grand-float.md\/ro\/wp-json\/wp\/v2\/product_brand?post=2321"},{"taxonomy":"product_cat","embeddable":true,"href":"https:\/\/grand-float.md\/ro\/wp-json\/wp\/v2\/product_cat?post=2321"},{"taxonomy":"product_tag","embeddable":true,"href":"https:\/\/grand-float.md\/ro\/wp-json\/wp\/v2\/product_tag?post=2321"}],"curies":[{"name":"wp","href":"https:\/\/api.w.org\/{rel}","templated":true}]}}