{"id":2814,"date":"2024-01-23T10:05:47","date_gmt":"2024-01-23T08:05:47","guid":{"rendered":"https:\/\/grand-float.md\/?post_type=product&#038;p=2814"},"modified":"2026-04-04T10:48:19","modified_gmt":"2026-04-04T07:48:19","slug":"%d0%bb%d0%b8%d1%86%d0%b0","status":"publish","type":"product","link":"https:\/\/grand-float.md\/ro\/produs\/%d0%bb%d0%b8%d1%86%d0%b0\/","title":{"rendered":"Masaj facial \u0219i de g\u00e2t (30 min)"},"content":{"rendered":"","protected":false},"excerpt":{"rendered":"<p>Masajul facial \u0219i de g\u00e2t este o procedur\u0103 care vizeaz\u0103 \u00eembun\u0103t\u0103\u021birea st\u0103rii pielii \u0219i a mu\u0219chilor din aceste zone. Masajul se efectueaz\u0103 cu ajutorul unor tehnici speciale \u0219i uleiuri de masaj.\n\n\u00cen 30 de minute, maestrul reu\u0219e\u0219te s\u0103 efectueze mai multe tehnici de masaj de baz\u0103, care ajut\u0103 la relaxarea mu\u0219chilor superficiali \u0219i profunzi, \u00eembun\u0103t\u0103\u021birea circula\u021biei sanguine \u0219i limfatice, precum \u0219i stimularea produc\u021biei de colagen. Masajul facial \u0219i de g\u00e2t ajut\u0103, de asemenea, la reducerea tensiunii \u0219i oboselii, \u00eembun\u0103t\u0103\u021birea culorii fe\u021bei, reducerea ridurilor mimice \u0219i netezirea pielii. Aceast\u0103 procedur\u0103 are, de asemenea, un efect benefic asupra sistemului nervos, av\u00e2nd un efect calmant \u0219i relaxant. \u00cen cele din urm\u0103, masajul facial \u0219i de g\u00e2t timp de 30 de minute permite ob\u021binerea beneficiilor maxime pentru piele, contribuie la relaxarea general\u0103 \u0219i ofer\u0103 senza\u021bii pl\u0103cute.<\/p>","protected":false},"featured_media":2815,"template":"","meta":{"_acf_changed":false},"product_brand":[],"product_cat":[237],"product_tag":[],"class_list":{"0":"post-2814","1":"product","2":"type-product","3":"status-publish","4":"has-post-thumbnail","6":"product_cat-massaj","8":"first","9":"instock","10":"virtual","11":"taxable","12":"purchasable","13":"product-type-simple"},"acf":[],"_links":{"self":[{"href":"https:\/\/grand-float.md\/ro\/wp-json\/wp\/v2\/product\/2814","targetHints":{"allow":["GET"]}}],"collection":[{"href":"https:\/\/grand-float.md\/ro\/wp-json\/wp\/v2\/product"}],"about":[{"href":"https:\/\/grand-float.md\/ro\/wp-json\/wp\/v2\/types\/product"}],"wp:featuredmedia":[{"embeddable":true,"href":"https:\/\/grand-float.md\/ro\/wp-json\/wp\/v2\/media\/2815"}],"wp:attachment":[{"href":"https:\/\/grand-float.md\/ro\/wp-json\/wp\/v2\/media?parent=2814"}],"wp:term":[{"taxonomy":"product_brand","embeddable":true,"href":"https:\/\/grand-float.md\/ro\/wp-json\/wp\/v2\/product_brand?post=2814"},{"taxonomy":"product_cat","embeddable":true,"href":"https:\/\/grand-float.md\/ro\/wp-json\/wp\/v2\/product_cat?post=2814"},{"taxonomy":"product_tag","embeddable":true,"href":"https:\/\/grand-float.md\/ro\/wp-json\/wp\/v2\/product_tag?post=2814"}],"curies":[{"name":"wp","href":"https:\/\/api.w.org\/{rel}","templated":true}]}}