{"id":370,"date":"2021-09-15T16:59:47","date_gmt":"2021-09-15T14:59:47","guid":{"rendered":"https:\/\/grand-float.md\/?post_type=product&#038;p=370"},"modified":"2026-04-16T13:45:35","modified_gmt":"2026-04-16T10:45:35","slug":"floating-dlea-odnogo","status":"publish","type":"product","link":"https:\/\/grand-float.md\/ro\/produs\/floating-dlea-odnogo\/","title":{"rendered":"Floating Pentru Unul"},"content":{"rendered":"<p>Este o capsul\u0103 de form\u0103 cosmic\u0103 izolat\u0103 fonic, care con\u021bine sare de origina engleza EPSOM, ce va ofer\u0103 flotatie maxim\u0103 \u0219i are influenta pozitiva asupra s\u0103n\u0103tatii, at\u00e2t fizic, c\u00e2t \u0219i psiho-emo\u021bional.<\/p>\n<p>\u00cen timpul sesiunii, corpul se mentine la suprafa\u021ba apei, ca \u00een Marea Moart\u0103, iar articula\u021biile \u0219i coloana vertebral\u0103 nu sunt supuse for\u021bei gravita\u021biei.<\/p>\n<p>Nici un factor extern iritant nu va afecta participantii, permi\u021b\u00e2ndu-le s\u0103 ob\u021bin\u0103 o stare de relaxare profund\u0103.<\/p>\n<p>In float-capsula poate fi redata muzic\u0103 la \u00eenceputul \u0219i la sf\u00e2r\u0219itul sesiunii (primele 5 sau 10 minute si ultimele 5 minute, sau pe durata \u00eentreagii proceduri. Aceea\u0219i posibilitate este si cu lumina.<\/p>\n<p>Dac\u0103 alege\u021bi obtiunea ce include doar linistea, posibil o s\u0103 v\u0103 auzi\u021bi respira\u021bia, \u00een aceast\u0103 stare ve\u021bi sim\u021bi o \u201eactualizare\u201d psiho-emo\u021bional\u0103 a depriv\u0103rii senzoriale.<\/p>\n<p>Pentru o relaxare \u0219i mai profund\u0103, v\u0103 recomand\u0103m s\u0103 combina\u021bi float-capsula cu masaj, pentru care avem speciali\u0219ti de prim\u0103 clas\u0103, la care ve\u021bi dori s\u0103 v\u0103 reintoarceti!<\/p>\n<p>Oare e posibil s\u0103 majoram efectul odihnei \u00een studioul de relaxare Grand float? - Un final pl\u0103cut al \u201erestartului\u201d dvs. va fi ceaiul aromat chinezesc, de care v\u0103 ve\u021bi bucura dup\u0103 procedura \u00eentr-o camera separata de odihna.<\/p>","protected":false},"excerpt":{"rendered":"<p><span style=\"font-size: 100%;\">Float Capsula \u2013 este una din cele mai mari descoperiri ale omenirii, ce permite o re\u00eennoire natural\u0103 a mintii si a corpului.<\/span><\/p>\n<ul>\n<li><span style=\"font-size: 100%;\">ceremonia de ceai \u2014 30 de minute<\/span><\/li>\n<li><span style=\"font-size: 100%;\">num\u0103rul de persoane \u2014 1<\/span><\/li>\n<\/ul>","protected":false},"featured_media":758,"template":"","meta":{"_acf_changed":false},"product_brand":[],"product_cat":[250,233],"product_tag":[],"class_list":{"0":"post-370","1":"product","2":"type-product","3":"status-publish","4":"has-post-thumbnail","6":"product_cat-podarochnyj-sertifikat","7":"product_cat-floating","9":"first","10":"instock","11":"sale","12":"taxable","13":"shipping-taxable","14":"purchasable","15":"product-type-variable"},"acf":[],"_links":{"self":[{"href":"https:\/\/grand-float.md\/ro\/wp-json\/wp\/v2\/product\/370","targetHints":{"allow":["GET"]}}],"collection":[{"href":"https:\/\/grand-float.md\/ro\/wp-json\/wp\/v2\/product"}],"about":[{"href":"https:\/\/grand-float.md\/ro\/wp-json\/wp\/v2\/types\/product"}],"wp:featuredmedia":[{"embeddable":true,"href":"https:\/\/grand-float.md\/ro\/wp-json\/wp\/v2\/media\/758"}],"wp:attachment":[{"href":"https:\/\/grand-float.md\/ro\/wp-json\/wp\/v2\/media?parent=370"}],"wp:term":[{"taxonomy":"product_brand","embeddable":true,"href":"https:\/\/grand-float.md\/ro\/wp-json\/wp\/v2\/product_brand?post=370"},{"taxonomy":"product_cat","embeddable":true,"href":"https:\/\/grand-float.md\/ro\/wp-json\/wp\/v2\/product_cat?post=370"},{"taxonomy":"product_tag","embeddable":true,"href":"https:\/\/grand-float.md\/ro\/wp-json\/wp\/v2\/product_tag?post=370"}],"curies":[{"name":"wp","href":"https:\/\/api.w.org\/{rel}","templated":true}]}}