{"id":373,"date":"2021-09-15T17:04:12","date_gmt":"2021-09-15T15:04:12","guid":{"rendered":"https:\/\/grand-float.md\/?post_type=product&#038;p=373"},"modified":"2026-04-04T10:46:33","modified_gmt":"2026-04-04T07:46:33","slug":"floating-dlya-dvoix","status":"publish","type":"product","link":"https:\/\/grand-float.md\/ro\/produs\/floating-dlya-dvoix\/","title":{"rendered":"Floating Pentru Doi"},"content":{"rendered":"<p>Cind sunteti cu partenerul la procedura, v\u0103 pute\u021bi ajuta s\u0103 ameliora\u021bi anxietatea \u0219i nervozitatea cu privire la prima experien\u021b\u0103, precum \u0219i s\u0103 va sugera\u021bi apropierea in folosirea floating-ului.<\/p>\n<p>Pentru cei care au \u00eencercat deja plutirea singur, recomand\u0103m s\u0103 folosi\u021bi Double Float (float camera pentru doi, de 2,5 * 2,5, \u00een care v\u0103 pute\u021bi ridica p\u00e2n\u0103 la \u00een\u0103l\u021bimea maxim\u0103, dac\u0103 dori\u021bi), ca o modalitate de a v\u0103 contopi cu partenerul \u0219i de a experimenta o nou\u0103 form\u0103 de apropiere.<\/p>\n<p>Re\u021bine\u021bi c\u0103 acest lucru nu este doar floating pe cont propriu. De\u0219i ve\u021bi avea suficient spa\u021biu pentru a v\u0103 a\u0219eza confortabil \u00een camera de plutire, ve\u021bi \u0219ti c\u0103 exist\u0103 cineva \u00een apropierea dvs., deoarece, ocazional, v\u0103 pute\u021bi ciocni unul cu cel\u0103lalt, plutind pe suprafa\u021ba apei sau sa v\u0103 auzi\u021bi respira\u021bia.<br \/>\n\u00cenotul l\u00e2ng\u0103 cineva v\u0103 permite s\u0103 \u00eemp\u0103rt\u0103\u0219i\u021bi un spa\u021biu apropiat \u00een lini\u0219te. Nu este nevoie s\u0103 spune\u021bi sau s\u0103 face\u021bi nimic, ci doar s\u0103 fi\u021bi \u00eempreun\u0103.<\/p>\n<p>Aceasta este o experien\u021b\u0103 de colaborare foarte bun\u0103. In camera-float putem reda muzica la \u00eenceputul \u0219i la sf\u00e2r\u0219itul sesiunii (primele 5 sau 10 minute \u0219i ultimele 5 minute, sau pentru \u00eentreaga sesiune. Exist\u0103 aceea\u0219i oportunitate cu lumina. Dac\u0103 alege\u021bi o op\u021biune care include t\u0103cerea, aminti\u021bi-v\u0103 c\u0103 este posibil s\u0103 va auzi respira\u021bia \u0219i cea a partenerului dvs, care poate varia de la cu adev\u0103rat lini\u0219titor la \u00eentr-adev\u0103r enervant.<\/p>\n<p>\u0218i pentru un nivel \u0219i mai profund de intimitate \u0219i relaxare maxim\u0103, v\u0103 recomand\u0103m s\u0103 combina\u021bi Floating cu masaj, care intr-o incapere special echipata va veti afla doar dumneavoastr\u0103 \u0219i speciali\u0219tii de masaj inalt califaci, care v\u0103 vor face un masaj din lista noastr\u0103 la alegere sau \u00een func\u021bie de dorin\u021ba voastr\u0103. Dar acesta nu este sf\u00e2r\u0219itul! Dup\u0103 masaj, v\u0103 ve\u021bi retrage \u00eempreun\u0103 \u00eentr-o camer\u0103 de relaxare separat\u0103, unde ve\u021bi fi placut surprinsi cu ceai chinezesc aromat.<\/p>","protected":false},"excerpt":{"rendered":"<p>Dac\u0103 este prima dat\u0103 c\u00e2nd dvs \u0219i partenerul dvs. \u00eencerca\u021bi floating-ul, si nu exist\u0103 nici o referire la o experien\u021b\u0103 de floatare separat\u0103, aceasta poate fi un avantaj, deoarece \u00eenc\u0103 nu \u0219titi cum este s\u0103 \u00eeno\u021bi singur \u00een float-camera; cu toate acestea, aceasta ar \u00eenseamna \u0219i c\u0103 totul \u00een sesiune va fi nou.<\/p>\n<ul>\n<li>ceremonia de ceai \u2014 30 de minute<\/li>\n<li>num\u0103rul de persoane \u2014 2<\/li>\n<\/ul>","protected":false},"featured_media":754,"template":"","meta":{"_acf_changed":false},"product_brand":[],"product_cat":[250,233],"product_tag":[],"class_list":{"0":"post-373","1":"product","2":"type-product","3":"status-publish","4":"has-post-thumbnail","6":"product_cat-podarochnyj-sertifikat","7":"product_cat-floating","9":"first","10":"instock","11":"taxable","12":"shipping-taxable","13":"purchasable","14":"product-type-variable"},"acf":[],"_links":{"self":[{"href":"https:\/\/grand-float.md\/ro\/wp-json\/wp\/v2\/product\/373","targetHints":{"allow":["GET"]}}],"collection":[{"href":"https:\/\/grand-float.md\/ro\/wp-json\/wp\/v2\/product"}],"about":[{"href":"https:\/\/grand-float.md\/ro\/wp-json\/wp\/v2\/types\/product"}],"wp:featuredmedia":[{"embeddable":true,"href":"https:\/\/grand-float.md\/ro\/wp-json\/wp\/v2\/media\/754"}],"wp:attachment":[{"href":"https:\/\/grand-float.md\/ro\/wp-json\/wp\/v2\/media?parent=373"}],"wp:term":[{"taxonomy":"product_brand","embeddable":true,"href":"https:\/\/grand-float.md\/ro\/wp-json\/wp\/v2\/product_brand?post=373"},{"taxonomy":"product_cat","embeddable":true,"href":"https:\/\/grand-float.md\/ro\/wp-json\/wp\/v2\/product_cat?post=373"},{"taxonomy":"product_tag","embeddable":true,"href":"https:\/\/grand-float.md\/ro\/wp-json\/wp\/v2\/product_tag?post=373"}],"curies":[{"name":"wp","href":"https:\/\/api.w.org\/{rel}","templated":true}]}}