{"id":379,"date":"2021-09-15T17:17:20","date_gmt":"2021-09-15T15:17:20","guid":{"rendered":"https:\/\/grand-float.md\/?post_type=product&#038;p=379"},"modified":"2026-04-04T10:49:23","modified_gmt":"2026-04-04T07:49:23","slug":"obshhij-massazh","status":"publish","type":"product","link":"https:\/\/grand-float.md\/ro\/produs\/obshhij-massazh\/","title":{"rendered":"Masaj general"},"content":{"rendered":"<p>\u00cen ritmul actual al vie\u021bii, masajul a devenit o parte integrant\u0103 pentru fiecare dintre noi. Are un puternic efect de \u00eent\u0103rire asupra \u00eentregului corp.<\/p>\n<p>Masajul este necesar pentru \u00eent\u0103rirea, recuperarea, prevenirea diferitelor boli. Drept urmare, el reu\u0219e\u0219te nu numai s\u0103 atenueze senza\u021biile dureroase \u0219i nepl\u0103cute, ci \u0219i s\u0103 previn\u0103 dezvoltarea patologiei.<\/p>\n<p>Masajul general are un efect benefic asupra \u00eentregului corp, de la cap p\u00e2n\u0103 \u00een picioare, \u00eembun\u0103t\u0103\u021be\u0219te tonusul muscular, ligamentele, activeaz\u0103 formarea fluidului sinovial, \u00eembun\u0103t\u0103\u021be\u0219te circula\u021bia s\u00e2ngelui, hr\u0103ne\u0219te fluxul limfatic, promoveaz\u0103 furnizarea activ\u0103 de nutrien\u021bi.<\/p>\n<p>O importan\u021b\u0103 deosebit\u0103 este acordat\u0103 spatelui, picioarelor, capului. P\u0103r\u021bi ale corpului care influen\u021beaz\u0103 efectul \u0219edin\u021bei ca \u00eentreg. Aici un expert \u00ee\u0219i poate ar\u0103ta stilul, o gam\u0103 special\u0103 de tehnici, manipul\u0103ri.<\/p>\n<p>&nbsp;<\/p>","protected":false},"excerpt":{"rendered":"<p>Sacramentul unui ritual de masaj care are loc \u00een spatele u\u0219ilor \u00eenchise \u00eentre dou\u0103 persoane este similar cu m\u0103rturisirea: ave\u021bi \u00eencredere \u00een maestru care v\u0103 ajut\u0103 s\u0103 v\u0103 deschide\u021bi ca o floare de lotus, deoarece \u00een timpul sesiunii deveni\u021bi una. \u00cenc\u0103rcarea cu energia, maestrul v\u0103 ofer\u0103 posibilitatea de a veni \u00een armonie cu voi, v\u0103 permite s\u0103 v\u0103 relaxa\u021bi complet \u0219i s\u0103 sim\u021bi\u021bi toate culorile vie\u021bii aici \u0219i acum.<\/p>","protected":false},"featured_media":468,"template":"","meta":{"_acf_changed":false},"product_brand":[],"product_cat":[237],"product_tag":[],"class_list":{"0":"post-379","1":"product","2":"type-product","3":"status-publish","4":"has-post-thumbnail","6":"product_cat-massaj","8":"first","9":"instock","10":"taxable","11":"shipping-taxable","12":"purchasable","13":"product-type-variable"},"acf":[],"_links":{"self":[{"href":"https:\/\/grand-float.md\/ro\/wp-json\/wp\/v2\/product\/379","targetHints":{"allow":["GET"]}}],"collection":[{"href":"https:\/\/grand-float.md\/ro\/wp-json\/wp\/v2\/product"}],"about":[{"href":"https:\/\/grand-float.md\/ro\/wp-json\/wp\/v2\/types\/product"}],"wp:featuredmedia":[{"embeddable":true,"href":"https:\/\/grand-float.md\/ro\/wp-json\/wp\/v2\/media\/468"}],"wp:attachment":[{"href":"https:\/\/grand-float.md\/ro\/wp-json\/wp\/v2\/media?parent=379"}],"wp:term":[{"taxonomy":"product_brand","embeddable":true,"href":"https:\/\/grand-float.md\/ro\/wp-json\/wp\/v2\/product_brand?post=379"},{"taxonomy":"product_cat","embeddable":true,"href":"https:\/\/grand-float.md\/ro\/wp-json\/wp\/v2\/product_cat?post=379"},{"taxonomy":"product_tag","embeddable":true,"href":"https:\/\/grand-float.md\/ro\/wp-json\/wp\/v2\/product_tag?post=379"}],"curies":[{"name":"wp","href":"https:\/\/api.w.org\/{rel}","templated":true}]}}