{"id":380,"date":"2021-09-15T17:19:40","date_gmt":"2021-09-15T15:19:40","guid":{"rendered":"https:\/\/grand-float.md\/?post_type=product&#038;p=380"},"modified":"2026-04-04T10:48:58","modified_gmt":"2026-04-04T07:48:58","slug":"obshhij-massazh-dlya-muzhchin","status":"publish","type":"product","link":"https:\/\/grand-float.md\/ro\/produs\/obshhij-massazh-dlya-muzhchin\/","title":{"rendered":"Masaj General Pentru B\u0103rba\u021bi"},"content":{"rendered":"<p>Un b\u0103rbat din societatea modern\u0103 este un sus\u021bin\u0103tor al familiei, care \u00ee\u0219i p\u0103streaz\u0103 \u0219i \u00ee\u0219i protejeaz\u0103 familia, care este responsabil pentru so\u021bia \u0219i copiii s\u0103i, conduce un stil de via\u021b\u0103 activ, demonstreaz\u0103 hot\u0103r\u00e2rea, ini\u021biativa \u0219i munca grea. \u00cen ciuda faptului c\u0103 sunt membri puternici \u0219i de lung\u0103 durat\u0103 ai rasei noastre, chiar dac\u0103 uneori nu spun acest lucru, crede\u021bi-m\u0103, simt \u0219i durere, oboseal\u0103 \u0219i stres. Aceast\u0103 caracteristic\u0103 a activit\u0103\u021bii vitale a organismului creeaz\u0103 \u00een ea reac\u021bii fiziologice specifice.<br \/>\nMasaj pentru b\u0103rba\u021bi \u00een primul r\u00e2nd - masaj energetic: activ, puternic \u0219i ad\u00e2nc. Este destinat unui studiu detaliat \u0219i intensiv al mu\u0219chilor, care sunt direct legate de nivelul de testosteron din s\u00e2nge \u0219i de exerci\u021biile zilnice. Dac\u0103 persoana se ocup\u0103 cu sport activ, masajul este pur \u0219i simplu necesar pentru el.<\/p>","protected":false},"excerpt":{"rendered":"<p>Sacramentul unui ritual de masaj care are loc \u00een spatele u\u0219ilor \u00eenchise \u00eentre dou\u0103 persoane este similar cu m\u0103rturisirea: ave\u021bi \u00eencredere \u00een maestru care v\u0103 ajut\u0103 s\u0103 v\u0103 deschide\u021bi ca o floare de lotus, deoarece \u00een timpul sesiunii deveni\u021bi una. \u00cenc\u0103rcarea cu energia, maestrul v\u0103 ofer\u0103 posibilitatea de a veni \u00een armonie cu voi, v\u0103 permite s\u0103 v\u0103 relaxa\u021bi complet \u0219i s\u0103 sim\u021bi\u021bi toate culorile vie\u021bii aici \u0219i acum.<\/p>","protected":false},"featured_media":469,"template":"","meta":{"_acf_changed":false},"product_brand":[],"product_cat":[237],"product_tag":[],"class_list":{"0":"post-380","1":"product","2":"type-product","3":"status-publish","4":"has-post-thumbnail","6":"product_cat-massaj","8":"first","9":"instock","10":"virtual","11":"taxable","12":"purchasable","13":"product-type-simple"},"acf":[],"_links":{"self":[{"href":"https:\/\/grand-float.md\/ro\/wp-json\/wp\/v2\/product\/380","targetHints":{"allow":["GET"]}}],"collection":[{"href":"https:\/\/grand-float.md\/ro\/wp-json\/wp\/v2\/product"}],"about":[{"href":"https:\/\/grand-float.md\/ro\/wp-json\/wp\/v2\/types\/product"}],"wp:featuredmedia":[{"embeddable":true,"href":"https:\/\/grand-float.md\/ro\/wp-json\/wp\/v2\/media\/469"}],"wp:attachment":[{"href":"https:\/\/grand-float.md\/ro\/wp-json\/wp\/v2\/media?parent=380"}],"wp:term":[{"taxonomy":"product_brand","embeddable":true,"href":"https:\/\/grand-float.md\/ro\/wp-json\/wp\/v2\/product_brand?post=380"},{"taxonomy":"product_cat","embeddable":true,"href":"https:\/\/grand-float.md\/ro\/wp-json\/wp\/v2\/product_cat?post=380"},{"taxonomy":"product_tag","embeddable":true,"href":"https:\/\/grand-float.md\/ro\/wp-json\/wp\/v2\/product_tag?post=380"}],"curies":[{"name":"wp","href":"https:\/\/api.w.org\/{rel}","templated":true}]}}