{"id":591,"date":"2021-10-29T15:14:29","date_gmt":"2021-10-29T13:14:29","guid":{"rendered":"https:\/\/grand-float.md\/?post_type=product&#038;p=591"},"modified":"2026-04-04T10:51:36","modified_gmt":"2026-04-04T07:51:36","slug":"v-unison","status":"publish","type":"product","link":"https:\/\/grand-float.md\/ro\/produs\/v-unison\/","title":{"rendered":"\u00cen Unison"},"content":{"rendered":"","protected":false},"excerpt":{"rendered":"<p>Floating-ul este cea mai eficient\u0103 modalitate de a v\u0103 men\u021bine rela\u021bia, de a simte noi experien\u021be de intimitate \u0219i de a g\u0103si idila!<\/p>\n<p>Complexul \u201e\u00cen unison\u201d v\u0103 va permite s\u0103 v\u0103 \u00eendep\u0103rta\u021bi de toate grijile timp de 4 ore \u0219i s\u0103 fi\u021bi doar \u00een doi cu persoana iubit\u0103.<br \/>\nCe include 4 ore de relaxare la studioul Grand Float:<\/p>\n<ul>\n<li>Masaj de relaxare pentru doi<\/li>\n<li>Sesiune de plutire \u00een camer\u0103, pentru doi<\/li>\n<li>Aromoterapie, masaj cu uleiuri aromatice la lumina lum\u00e2n\u0103rilor<\/li>\n<li>Ceremonia ceaiului cu o mic\u0103 gustare \u00een camera de odihn\u0103 privat\u0103<\/li>\n<\/ul>","protected":false},"featured_media":757,"template":"","meta":{"_acf_changed":false},"product_brand":[],"product_cat":[241,250],"product_tag":[],"class_list":{"0":"post-591","1":"product","2":"type-product","3":"status-publish","4":"has-post-thumbnail","6":"product_cat-kompleksy","7":"product_cat-podarochnyj-sertifikat","9":"first","10":"instock","11":"virtual","12":"taxable","13":"purchasable","14":"product-type-simple"},"acf":[],"_links":{"self":[{"href":"https:\/\/grand-float.md\/ro\/wp-json\/wp\/v2\/product\/591","targetHints":{"allow":["GET"]}}],"collection":[{"href":"https:\/\/grand-float.md\/ro\/wp-json\/wp\/v2\/product"}],"about":[{"href":"https:\/\/grand-float.md\/ro\/wp-json\/wp\/v2\/types\/product"}],"wp:featuredmedia":[{"embeddable":true,"href":"https:\/\/grand-float.md\/ro\/wp-json\/wp\/v2\/media\/757"}],"wp:attachment":[{"href":"https:\/\/grand-float.md\/ro\/wp-json\/wp\/v2\/media?parent=591"}],"wp:term":[{"taxonomy":"product_brand","embeddable":true,"href":"https:\/\/grand-float.md\/ro\/wp-json\/wp\/v2\/product_brand?post=591"},{"taxonomy":"product_cat","embeddable":true,"href":"https:\/\/grand-float.md\/ro\/wp-json\/wp\/v2\/product_cat?post=591"},{"taxonomy":"product_tag","embeddable":true,"href":"https:\/\/grand-float.md\/ro\/wp-json\/wp\/v2\/product_tag?post=591"}],"curies":[{"name":"wp","href":"https:\/\/api.w.org\/{rel}","templated":true}]}}