{"id":592,"date":"2021-10-29T15:14:51","date_gmt":"2021-10-29T13:14:51","guid":{"rendered":"https:\/\/grand-float.md\/?post_type=product&#038;p=592"},"modified":"2026-04-04T10:52:02","modified_gmt":"2026-04-04T07:52:02","slug":"raj-dlya-dvoih","status":"publish","type":"product","link":"https:\/\/grand-float.md\/ro\/produs\/raj-dlya-dvoih\/","title":{"rendered":"Paradisul Pentru Doi"},"content":{"rendered":"","protected":false},"excerpt":{"rendered":"<p>Floating-ul \u00een doi este o experien\u021b\u0103 de relaxare, absolut nou\u0103.<\/p>\n<p>\u201eParadisul pentru doi\u201d este o \u00eent\u00e2lnire neobi\u0219nuit\u0103 \u00een imponderabilitate, care v\u0103 va permite s\u0103 v\u0103 \u00eent\u0103ri\u021bi rela\u021bia \u0219i, \u00een acela\u0219i timp, este metoda perfect\u0103 de a v\u0103 elibera de stresul de lung\u0103 durat\u0103 \u0219i s\u0103 v\u0103 re\u00eenc\u0103rca\u021bi cu noi for\u021be, at\u00e2t fizice, c\u00e2t \u0219i emo\u021bionale.<\/p>\n<p>3 ore de relaxare si emotii pozitive sunt garantate! Complexul include:<\/p>\n<ul>\n<li>Masaj general de relaxare pentru doi<\/li>\n<li>Sesiune Floating pentru doi<\/li>\n<li>Ceremonia ceaiului cu o mic\u0103 gustare \u00een camera de odihn\u0103 privat\u0103<\/li>\n<\/ul>","protected":false},"featured_media":2625,"template":"","meta":{"_acf_changed":false},"product_brand":[],"product_cat":[241,250],"product_tag":[],"class_list":{"0":"post-592","1":"product","2":"type-product","3":"status-publish","4":"has-post-thumbnail","6":"product_cat-kompleksy","7":"product_cat-podarochnyj-sertifikat","9":"first","10":"instock","11":"taxable","12":"shipping-taxable","13":"purchasable","14":"product-type-variable"},"acf":[],"_links":{"self":[{"href":"https:\/\/grand-float.md\/ro\/wp-json\/wp\/v2\/product\/592","targetHints":{"allow":["GET"]}}],"collection":[{"href":"https:\/\/grand-float.md\/ro\/wp-json\/wp\/v2\/product"}],"about":[{"href":"https:\/\/grand-float.md\/ro\/wp-json\/wp\/v2\/types\/product"}],"wp:featuredmedia":[{"embeddable":true,"href":"https:\/\/grand-float.md\/ro\/wp-json\/wp\/v2\/media\/2625"}],"wp:attachment":[{"href":"https:\/\/grand-float.md\/ro\/wp-json\/wp\/v2\/media?parent=592"}],"wp:term":[{"taxonomy":"product_brand","embeddable":true,"href":"https:\/\/grand-float.md\/ro\/wp-json\/wp\/v2\/product_brand?post=592"},{"taxonomy":"product_cat","embeddable":true,"href":"https:\/\/grand-float.md\/ro\/wp-json\/wp\/v2\/product_cat?post=592"},{"taxonomy":"product_tag","embeddable":true,"href":"https:\/\/grand-float.md\/ro\/wp-json\/wp\/v2\/product_tag?post=592"}],"curies":[{"name":"wp","href":"https:\/\/api.w.org\/{rel}","templated":true}]}}