{"id":593,"date":"2021-10-29T15:15:17","date_gmt":"2021-10-29T13:15:17","guid":{"rendered":"https:\/\/grand-float.md\/?post_type=product&#038;p=593"},"modified":"2026-04-04T10:52:21","modified_gmt":"2026-04-04T07:52:21","slug":"idealinyj-deni","status":"publish","type":"product","link":"https:\/\/grand-float.md\/ro\/produs\/idealinyj-deni\/","title":{"rendered":"O zi Perfecta"},"content":{"rendered":"","protected":false},"excerpt":{"rendered":"<p>Fericirea vine din lucruri m\u0103runte. Las\u0103 toate treburile \u0219i vin\u0103 in studioul Grand Float, la o \u201eZi perfect\u0103\u201d.<\/p>\n<p>Vei petrece 4 ore de pl\u0103cere! Dup\u0103 proceduri, te vei sim\u021bi odihnit, cu emo\u021bii \u0219i g\u00e2nduri pozitive, cu dispozi\u021bia excelent\u0103 \u0219i lejeritate \u00een orice mi\u0219care, care se va men\u021bine pe tot parcursul zilei.<\/p>\n<p><strong>Ce include complexul:<\/strong><\/p>\n<ul>\n<li>Masaj general de relaxare<\/li>\n<li>Sesiunea de plutire \u00een capsul\u0103<\/li>\n<li>\u00cenvelirea cu miere<\/li>\n<li>Ceremonia ceaiului cu mic\u0103 gustare in camera de odihn\u0103 privat\u0103<\/li>\n<\/ul>","protected":false},"featured_media":755,"template":"","meta":{"_acf_changed":false},"product_brand":[],"product_cat":[241],"product_tag":[],"class_list":{"0":"post-593","1":"product","2":"type-product","3":"status-publish","4":"has-post-thumbnail","6":"product_cat-kompleksy","8":"first","9":"instock","10":"virtual","11":"taxable","12":"purchasable","13":"product-type-simple"},"acf":[],"_links":{"self":[{"href":"https:\/\/grand-float.md\/ro\/wp-json\/wp\/v2\/product\/593","targetHints":{"allow":["GET"]}}],"collection":[{"href":"https:\/\/grand-float.md\/ro\/wp-json\/wp\/v2\/product"}],"about":[{"href":"https:\/\/grand-float.md\/ro\/wp-json\/wp\/v2\/types\/product"}],"wp:featuredmedia":[{"embeddable":true,"href":"https:\/\/grand-float.md\/ro\/wp-json\/wp\/v2\/media\/755"}],"wp:attachment":[{"href":"https:\/\/grand-float.md\/ro\/wp-json\/wp\/v2\/media?parent=593"}],"wp:term":[{"taxonomy":"product_brand","embeddable":true,"href":"https:\/\/grand-float.md\/ro\/wp-json\/wp\/v2\/product_brand?post=593"},{"taxonomy":"product_cat","embeddable":true,"href":"https:\/\/grand-float.md\/ro\/wp-json\/wp\/v2\/product_cat?post=593"},{"taxonomy":"product_tag","embeddable":true,"href":"https:\/\/grand-float.md\/ro\/wp-json\/wp\/v2\/product_tag?post=593"}],"curies":[{"name":"wp","href":"https:\/\/api.w.org\/{rel}","templated":true}]}}